{"id":7,"date":"2015-06-28T18:35:03","date_gmt":"2015-06-28T23:05:03","guid":{"rendered":"http:\/\/gregorgonzalez.com.ve\/blog\/?page_id=7"},"modified":"2019-04-08T11:25:19","modified_gmt":"2019-04-08T15:55:19","slug":"acerca","status":"publish","type":"page","link":"http:\/\/gregorgonzalez.com.ve\/blog\/acerca\/","title":{"rendered":"Acerca"},"content":{"rendered":"<p><a href=\"http:\/\/gregorgonzalez.com.ve\/blog\/wp-content\/uploads\/teclado2.jpg\"><img loading=\"lazy\" decoding=\"async\" class=\" size-full wp-image-146 alignleft\" src=\"http:\/\/gregorgonzalez.com.ve\/blog\/wp-content\/uploads\/teclado2.jpg\" alt=\"teclado2\" width=\"380\" height=\"285\" srcset=\"http:\/\/gregorgonzalez.com.ve\/blog\/wp-content\/uploads\/teclado2.jpg 380w, http:\/\/gregorgonzalez.com.ve\/blog\/wp-content\/uploads\/teclado2-300x225.jpg 300w\" sizes=\"(max-width: 380px) 100vw, 380px\" \/><\/a>Este es el blog de <a href=\"http:\/\/gregorgonzalez.com.ve\">Video Tutoriales Web<\/a> donde se publicar\u00e1 noticias, consejos, gu\u00edas y tutoriales.<\/p>\n<p>El objetivo del blog, es reunir en un solo lugar todos aquellos recursos que he considerado \u00fatiles, me permitir\u00e1 centralizar las herramientas del d\u00eda a d\u00eda y al mismo tiempo brindar un apoyo a las personas en cualquier otro tema.<\/p>\n<p>El mundo es grande y vasto, no hay l\u00edmites ni fronteras para lo que podemos realizar. Todo es cuesti\u00f3n de concentraci\u00f3n, pr\u00e1ctica y disciplina.<\/p>\n<p>Disfruta de la ense\u00f1anza y el aprendizaje, aprovecha del momento y no dejes que nadie te arrebate una buena experiencia. Una vez aprendido jam\u00e1s podr\u00e1s volver atr\u00e1s.<\/p>\n<blockquote>\n<h5 class=\"\">No es el conocimiento, sino el acto de aprendizaje, y no la posesi\u00f3n, sino el acto de llegar all\u00ed, que concede el mayor disfrute.<\/h5>\n<h5 class=\"\">-Carl Friedrich Gauss<\/h5>\n<\/blockquote>\n","protected":false},"excerpt":{"rendered":"<p>Este es el blog de Video Tutoriales Web donde se publicar\u00e1 noticias, consejos, gu\u00edas y tutoriales. El objetivo del blog, es reunir en un solo lugar todos aquellos recursos que he considerado \u00fatiles, me permitir\u00e1 centralizar las herramientas del d\u00eda a d\u00eda y al mismo tiempo brindar un apoyo a las personas en cualquier otro [&hellip;]<\/p>\n","protected":false},"author":1,"featured_media":0,"parent":0,"menu_order":0,"comment_status":"open","ping_status":"open","template":"","meta":{"_exactmetrics_skip_tracking":false,"_exactmetrics_sitenote_active":false,"_exactmetrics_sitenote_note":"","_exactmetrics_sitenote_category":0,"footnotes":""},"_links":{"self":[{"href":"http:\/\/gregorgonzalez.com.ve\/blog\/wp-json\/wp\/v2\/pages\/7"}],"collection":[{"href":"http:\/\/gregorgonzalez.com.ve\/blog\/wp-json\/wp\/v2\/pages"}],"about":[{"href":"http:\/\/gregorgonzalez.com.ve\/blog\/wp-json\/wp\/v2\/types\/page"}],"author":[{"embeddable":true,"href":"http:\/\/gregorgonzalez.com.ve\/blog\/wp-json\/wp\/v2\/users\/1"}],"replies":[{"embeddable":true,"href":"http:\/\/gregorgonzalez.com.ve\/blog\/wp-json\/wp\/v2\/comments?post=7"}],"version-history":[{"count":0,"href":"http:\/\/gregorgonzalez.com.ve\/blog\/wp-json\/wp\/v2\/pages\/7\/revisions"}],"wp:attachment":[{"href":"http:\/\/gregorgonzalez.com.ve\/blog\/wp-json\/wp\/v2\/media?parent=7"}],"curies":[{"name":"wp","href":"https:\/\/api.w.org\/{rel}","templated":true}]}}